{"id":10,"date":"2023-10-08T13:55:42","date_gmt":"2023-10-08T12:55:42","guid":{"rendered":"https:\/\/arangolibros.com\/?page_id=10"},"modified":"2023-10-08T13:55:43","modified_gmt":"2023-10-08T12:55:43","slug":"tema","status":"publish","type":"page","link":"https:\/\/arangolibros.com\/index.php\/tema\/","title":{"rendered":"Tema"},"content":{"rendered":"\n<p>El amor se ha entendido tradicionalmente desde las emociones, el ego, desde la l\u00f3gica y la ciencia. Pero poco se entiende desde nuestra interconexi\u00f3n energ\u00e9tica y espiritual entre todos los seres vivos y desde nuestro nivel de consciencia y de evoluci\u00f3n. <\/p>\n\n\n\n<p>En este libro se habla del amor a partir del caos y la complejidad seg\u00fan la f\u00edsica cu\u00e1ntica. Se explica adem\u00e1s, la necesidad de elevar nuestro nivel de consciencia para poder encontrar esa conexi\u00f3n interior con nosotros y con los dem\u00e1s seres vivos. Con el pasar del tiempo se ha vuelto menos aceptable seguir a nuestra intuici\u00f3n y al coraz\u00f3n, y cada vez logramos entender menos los sentimientos inexplicables o el amor.<\/p>\n\n\n\n<p>El amor es intangible, inexplicable, no sigue par\u00e1metros fijos, se transforma, no es controlable ni predecible. El amor es un entrelazamiento cu\u00e1ntico y m\u00edstico. <\/p>\n","protected":false},"excerpt":{"rendered":"<p>El amor se ha entendido tradicionalmente desde las emociones, el ego, desde la l\u00f3gica y la ciencia. Pero poco se entiende desde nuestra interconexi\u00f3n energ\u00e9tica y espiritual entre todos los seres vivos y desde nuestro nivel de consciencia y de evoluci\u00f3n. En este libro se habla del amor a partir [&hellip;]<\/p>\n","protected":false},"author":1,"featured_media":0,"parent":0,"menu_order":0,"comment_status":"closed","ping_status":"closed","template":"","meta":{"footnotes":""},"_links":{"self":[{"href":"https:\/\/arangolibros.com\/index.php\/wp-json\/wp\/v2\/pages\/10"}],"collection":[{"href":"https:\/\/arangolibros.com\/index.php\/wp-json\/wp\/v2\/pages"}],"about":[{"href":"https:\/\/arangolibros.com\/index.php\/wp-json\/wp\/v2\/types\/page"}],"author":[{"embeddable":true,"href":"https:\/\/arangolibros.com\/index.php\/wp-json\/wp\/v2\/users\/1"}],"replies":[{"embeddable":true,"href":"https:\/\/arangolibros.com\/index.php\/wp-json\/wp\/v2\/comments?post=10"}],"version-history":[{"count":1,"href":"https:\/\/arangolibros.com\/index.php\/wp-json\/wp\/v2\/pages\/10\/revisions"}],"predecessor-version":[{"id":11,"href":"https:\/\/arangolibros.com\/index.php\/wp-json\/wp\/v2\/pages\/10\/revisions\/11"}],"wp:attachment":[{"href":"https:\/\/arangolibros.com\/index.php\/wp-json\/wp\/v2\/media?parent=10"}],"curies":[{"name":"wp","href":"https:\/\/api.w.org\/{rel}","templated":true}]}}