{"id":8,"date":"2023-10-08T13:48:55","date_gmt":"2023-10-08T12:48:55","guid":{"rendered":"https:\/\/arangolibros.com\/?page_id=8"},"modified":"2023-10-08T13:48:56","modified_gmt":"2023-10-08T12:48:56","slug":"andrea-arango-h","status":"publish","type":"page","link":"https:\/\/arangolibros.com\/index.php\/andrea-arango-h\/","title":{"rendered":"Andrea Arango H."},"content":{"rendered":"\n<p>Colombiana, vive actualmente en el sur de Espa\u00f1a. Amante de los animales, la lectura y los viajes, e inquieta sobre como est\u00e1n evolucionando la educaci\u00f3n y las relaciones interpersonales. Tiene un doctorado en educaci\u00f3n, y en su tesis doctoral desarrolla el tema de la inclusi\u00f3n vista desde una de las teor\u00edas de la f\u00edsica cu\u00e1ntica. <\/p>\n\n\n\n<p>             Tambi\u00e9n en este libro la autora desarrolla el tema del amor a partir de las teor\u00edas de la f\u00edsica       cu\u00e1ntica, relacion\u00e1ndolo adem\u00e1s con la parte m\u00edstica.  Lleva siete anos haciendo sanaci\u00f3n espiritual con \u00e1ngeles y durante este proceso de aprendizaje, tanto espiritual como mediante su investigaci\u00f3n de doctorado, ha entendido mejor la conexi\u00f3n entre la ciencia y la espiritualidad a trav\u00e9s de los autores de la f\u00edsica cu\u00e1ntica.  <\/p>\n","protected":false},"excerpt":{"rendered":"<p>Colombiana, vive actualmente en el sur de Espa\u00f1a. Amante de los animales, la lectura y los viajes, e inquieta sobre como est\u00e1n evolucionando la educaci\u00f3n y las relaciones interpersonales. Tiene un doctorado en educaci\u00f3n, y en su tesis doctoral desarrolla el tema de la inclusi\u00f3n vista desde una de las [&hellip;]<\/p>\n","protected":false},"author":1,"featured_media":0,"parent":0,"menu_order":0,"comment_status":"closed","ping_status":"closed","template":"","meta":{"footnotes":""},"_links":{"self":[{"href":"https:\/\/arangolibros.com\/index.php\/wp-json\/wp\/v2\/pages\/8"}],"collection":[{"href":"https:\/\/arangolibros.com\/index.php\/wp-json\/wp\/v2\/pages"}],"about":[{"href":"https:\/\/arangolibros.com\/index.php\/wp-json\/wp\/v2\/types\/page"}],"author":[{"embeddable":true,"href":"https:\/\/arangolibros.com\/index.php\/wp-json\/wp\/v2\/users\/1"}],"replies":[{"embeddable":true,"href":"https:\/\/arangolibros.com\/index.php\/wp-json\/wp\/v2\/comments?post=8"}],"version-history":[{"count":1,"href":"https:\/\/arangolibros.com\/index.php\/wp-json\/wp\/v2\/pages\/8\/revisions"}],"predecessor-version":[{"id":9,"href":"https:\/\/arangolibros.com\/index.php\/wp-json\/wp\/v2\/pages\/8\/revisions\/9"}],"wp:attachment":[{"href":"https:\/\/arangolibros.com\/index.php\/wp-json\/wp\/v2\/media?parent=8"}],"curies":[{"name":"wp","href":"https:\/\/api.w.org\/{rel}","templated":true}]}}